{"id":208,"date":"2023-08-03T11:54:09","date_gmt":"2023-08-03T09:54:09","guid":{"rendered":"https:\/\/naokohotels.com\/?page_id=208"},"modified":"2025-06-25T09:17:52","modified_gmt":"2025-06-25T07:17:52","slug":"sobre-nosotros","status":"publish","type":"page","link":"https:\/\/naokohotels.com\/es\/about-us\/","title":{"rendered":"Sobre nosotros"},"content":{"rendered":"<div data-elementor-type=\"wp-page\" data-elementor-id=\"208\" class=\"elementor elementor-208\" data-elementor-post-type=\"page\">\n\t\t\t\t\t\t<section class=\"elementor-section elementor-top-section elementor-element elementor-element-76be800 elementor-section-height-min-height elementor-section-boxed elementor-section-height-default elementor-section-items-middle\" data-id=\"76be800\" data-element_type=\"section\" data-e-type=\"section\" data-settings=\"{&quot;jet_parallax_layout_list&quot;:[],&quot;background_background&quot;:&quot;classic&quot;}\">\n\t\t\t\t\t\t<div class=\"elementor-container elementor-column-gap-default\">\n\t\t\t\t\t<div class=\"elementor-column elementor-col-100 elementor-top-column elementor-element elementor-element-60da48e\" data-id=\"60da48e\" data-element_type=\"column\" data-e-type=\"column\">\n\t\t\t<div class=\"elementor-widget-wrap\">\n\t\t\t\t\t\t\t<\/div>\n\t\t<\/div>\n\t\t\t\t\t<\/div>\n\t\t<\/section>\n\t\t\t\t<section class=\"elementor-section elementor-top-section elementor-element elementor-element-dd457b5 elementor-section-boxed elementor-section-height-default elementor-section-height-default\" data-id=\"dd457b5\" data-element_type=\"section\" data-e-type=\"section\" data-settings=\"{&quot;jet_parallax_layout_list&quot;:[],&quot;background_background&quot;:&quot;classic&quot;}\">\n\t\t\t\t\t\t<div class=\"elementor-container elementor-column-gap-default\">\n\t\t\t\t\t<div class=\"elementor-column elementor-col-100 elementor-top-column elementor-element elementor-element-50a10af\" data-id=\"50a10af\" data-element_type=\"column\" data-e-type=\"column\">\n\t\t\t<div class=\"elementor-widget-wrap elementor-element-populated\">\n\t\t\t\t\t\t<div class=\"elementor-element elementor-element-3bef281 elementor-widget elementor-widget-heading\" data-id=\"3bef281\" data-element_type=\"widget\" data-e-type=\"widget\" data-widget_type=\"heading.default\">\n\t\t\t\t<div class=\"elementor-widget-container\">\n\t\t\t\t\t<h3 class=\"elementor-heading-title elementor-size-default\">EN NAOK\u014c Healing Hotels, NOS ENORGULLECEMOS DE ALTERAR EL MODELO DE TURISMO TRADICIONAL PARA OFRECER A NUESTROS HU\u00c9SPEDES UNA EXPERIENCIA PROFUNDAMENTE ARRAIGADA EN LA SALUD HOL\u00cdSTICA.<\/h3>\t\t\t\t<\/div>\n\t\t\t\t<\/div>\n\t\t\t\t<div class=\"elementor-element elementor-element-8f1d67a elementor-widget elementor-widget-text-editor\" data-id=\"8f1d67a\" data-element_type=\"widget\" data-e-type=\"widget\" data-widget_type=\"text-editor.default\">\n\t\t\t\t<div class=\"elementor-widget-container\">\n\t\t\t\t\t\t\t\t\t<p>A diferencia de otras franquicias hoteleras, promovemos el bienestar a trav\u00e9s de una profunda conexi\u00f3n con la naturaleza y un dise\u00f1o minimalista. Los hu\u00e9spedes pueden embarcarse en un viaje enriquecedor hacia una salud \u00f3ptima, rejuveneciendo cuerpo, mente y esp\u00edritu en un oasis de serenidad y armon\u00eda.<\/p>\t\t\t\t\t\t\t\t<\/div>\n\t\t\t\t<\/div>\n\t\t\t\t\t<\/div>\n\t\t<\/div>\n\t\t\t\t\t<\/div>\n\t\t<\/section>\n\t\t\t\t<section class=\"elementor-section elementor-top-section elementor-element elementor-element-b7ae761 elementor-section-content-middle elementor-section-boxed elementor-section-height-default elementor-section-height-default\" data-id=\"b7ae761\" data-element_type=\"section\" data-e-type=\"section\" data-settings=\"{&quot;jet_parallax_layout_list&quot;:[]}\">\n\t\t\t\t\t\t<div class=\"elementor-container elementor-column-gap-default\">\n\t\t\t\t\t<div class=\"elementor-column elementor-col-50 elementor-top-column elementor-element elementor-element-affe82b\" data-id=\"affe82b\" data-element_type=\"column\" data-e-type=\"column\">\n\t\t\t<div class=\"elementor-widget-wrap elementor-element-populated\">\n\t\t\t\t\t\t<div class=\"elementor-element elementor-element-09793e2 elementor-widget elementor-widget-image\" data-id=\"09793e2\" data-element_type=\"widget\" data-e-type=\"widget\" data-widget_type=\"image.default\">\n\t\t\t\t<div class=\"elementor-widget-container\">\n\t\t\t\t\t\t\t\t\t\t\t\t\t\t\t<img fetchpriority=\"high\" decoding=\"async\" width=\"1467\" height=\"2200\" src=\"https:\/\/naokohotels.com\/wp-content\/uploads\/2025\/06\/Ecohotel-3.webp\" class=\"attachment-full size-full wp-image-1373\" alt=\"\" srcset=\"https:\/\/naokohotels.com\/wp-content\/uploads\/2025\/06\/Ecohotel-3.webp 1467w, https:\/\/naokohotels.com\/wp-content\/uploads\/2025\/06\/Ecohotel-3-200x300.webp 200w, https:\/\/naokohotels.com\/wp-content\/uploads\/2025\/06\/Ecohotel-3-683x1024.webp 683w, https:\/\/naokohotels.com\/wp-content\/uploads\/2025\/06\/Ecohotel-3-768x1152.webp 768w, https:\/\/naokohotels.com\/wp-content\/uploads\/2025\/06\/Ecohotel-3-1024x1536.webp 1024w, https:\/\/naokohotels.com\/wp-content\/uploads\/2025\/06\/Ecohotel-3-1366x2048.webp 1366w, https:\/\/naokohotels.com\/wp-content\/uploads\/2025\/06\/Ecohotel-3-8x12.webp 8w\" sizes=\"(max-width: 1467px) 100vw, 1467px\" \/>\t\t\t\t\t\t\t\t\t\t\t\t\t\t\t<\/div>\n\t\t\t\t<\/div>\n\t\t\t\t\t<\/div>\n\t\t<\/div>\n\t\t\t\t<div class=\"elementor-column elementor-col-50 elementor-top-column elementor-element elementor-element-1ce3e17\" data-id=\"1ce3e17\" data-element_type=\"column\" data-e-type=\"column\">\n\t\t\t<div class=\"elementor-widget-wrap elementor-element-populated\">\n\t\t\t\t\t\t<div class=\"elementor-element elementor-element-4358c6a elementor-widget elementor-widget-text-editor\" data-id=\"4358c6a\" data-element_type=\"widget\" data-e-type=\"widget\" data-widget_type=\"text-editor.default\">\n\t\t\t\t<div class=\"elementor-widget-container\">\n\t\t\t\t\t\t\t\t\t<p>NAOK\u014c healing hotels se comprometen activamente con la implementaci\u00f3n de pr\u00e1cticas ecol\u00f3gicas y el apoyo a causas ambientales locales. Cada uno de nuestros hoteles ha sido dise\u00f1ado y decorado por el estudio ZIR\u0100 para integrarse a la perfecci\u00f3n con su entorno. Sin embargo, nuestro compromiso con la sostenibilidad ambiental va m\u00e1s all\u00e1 de la est\u00e9tica.<\/p>\t\t\t\t\t\t\t\t<\/div>\n\t\t\t\t<\/div>\n\t\t\t\t<div class=\"elementor-element elementor-element-75cb085 elementor-widget elementor-widget-text-editor\" data-id=\"75cb085\" data-element_type=\"widget\" data-e-type=\"widget\" data-widget_type=\"text-editor.default\">\n\t\t\t\t<div class=\"elementor-widget-container\">\n\t\t\t\t\t\t\t\t\t<p>En NAOK\u014c healing hotels, hemos implementado un conjunto integral de pr\u00e1cticas ecol\u00f3gicas para minimizar nuestra huella ecol\u00f3gica. Desde arquitectura energ\u00e9ticamente eficiente hasta iniciativas de conservaci\u00f3n del agua, cada aspecto de nuestras operaciones est\u00e1 cuidadosamente dise\u00f1ado para priorizar la gesti\u00f3n ambiental.<\/p>\t\t\t\t\t\t\t\t<\/div>\n\t\t\t\t<\/div>\n\t\t\t\t\t<\/div>\n\t\t<\/div>\n\t\t\t\t\t<\/div>\n\t\t<\/section>\n\t\t\t\t<section class=\"elementor-section elementor-top-section elementor-element elementor-element-82b3938 elementor-section-boxed elementor-section-height-default elementor-section-height-default\" data-id=\"82b3938\" data-element_type=\"section\" data-e-type=\"section\" data-settings=\"{&quot;jet_parallax_layout_list&quot;:[]}\">\n\t\t\t\t\t\t<div class=\"elementor-container elementor-column-gap-default\">\n\t\t\t\t\t<div class=\"elementor-column elementor-col-100 elementor-top-column elementor-element elementor-element-b7d0a22\" data-id=\"b7d0a22\" data-element_type=\"column\" data-e-type=\"column\">\n\t\t\t<div class=\"elementor-widget-wrap elementor-element-populated\">\n\t\t\t\t\t\t<div class=\"elementor-element elementor-element-03f8457 elementor-widget elementor-widget-heading\" data-id=\"03f8457\" data-element_type=\"widget\" data-e-type=\"widget\" data-widget_type=\"heading.default\">\n\t\t\t\t<div class=\"elementor-widget-container\">\n\t\t\t\t\t<h3 class=\"elementor-heading-title elementor-size-default\">CONCEPTOS CLAVE<\/h3>\t\t\t\t<\/div>\n\t\t\t\t<\/div>\n\t\t\t\t<div class=\"elementor-element elementor-element-17c6b03 elementor-widget elementor-widget-text-editor\" data-id=\"17c6b03\" data-element_type=\"widget\" data-e-type=\"widget\" data-widget_type=\"text-editor.default\">\n\t\t\t\t<div class=\"elementor-widget-container\">\n\t\t\t\t\t\t\t\t\t<p>Los pilares fundamentales de NAOK\u014c healing hotels forman el ADN de cada hotel, garantizando que nuestro compromiso con la salud hol\u00edstica y la vida sustentable est\u00e9 profundamente arraigado en cada aspecto de la experiencia del hu\u00e9sped.<\/p><p>Estos pilares fundamentales son los principios rectores que conforman nuestra identidad y distinguen a los hoteles de salud NAOK\u014c de las ofertas convencionales. Sum\u00e9rjase en estos principios en EcoHotel El Agua, donde la esencia de los NAOK\u014c healing hotels cobra vida, ofreciendo una experiencia de primera mano de nuestro compromiso con el bienestar y la hospitalidad ecol\u00f3gica.<\/p>\t\t\t\t\t\t\t\t<\/div>\n\t\t\t\t<\/div>\n\t\t\t\t\t<\/div>\n\t\t<\/div>\n\t\t\t\t\t<\/div>\n\t\t<\/section>\n\t\t\t\t<section class=\"elementor-section elementor-top-section elementor-element elementor-element-63ce50a elementor-section-content-middle elementor-section-boxed elementor-section-height-default elementor-section-height-default\" data-id=\"63ce50a\" data-element_type=\"section\" data-e-type=\"section\" data-settings=\"{&quot;jet_parallax_layout_list&quot;:[]}\">\n\t\t\t\t\t\t<div class=\"elementor-container elementor-column-gap-default\">\n\t\t\t\t\t<div class=\"elementor-column elementor-col-50 elementor-top-column elementor-element elementor-element-9ff28c4\" data-id=\"9ff28c4\" data-element_type=\"column\" data-e-type=\"column\">\n\t\t\t<div class=\"elementor-widget-wrap elementor-element-populated\">\n\t\t\t\t\t\t<div class=\"elementor-element elementor-element-a084f8b elementor-widget elementor-widget-image\" data-id=\"a084f8b\" data-element_type=\"widget\" data-e-type=\"widget\" data-widget_type=\"image.default\">\n\t\t\t\t<div class=\"elementor-widget-container\">\n\t\t\t\t\t\t\t\t\t\t\t\t\t\t\t<img decoding=\"async\" width=\"1467\" height=\"2200\" src=\"https:\/\/naokohotels.com\/wp-content\/uploads\/2025\/06\/Ecohotel-4.webp\" class=\"attachment-full size-full wp-image-1372\" alt=\"\" srcset=\"https:\/\/naokohotels.com\/wp-content\/uploads\/2025\/06\/Ecohotel-4.webp 1467w, https:\/\/naokohotels.com\/wp-content\/uploads\/2025\/06\/Ecohotel-4-200x300.webp 200w, https:\/\/naokohotels.com\/wp-content\/uploads\/2025\/06\/Ecohotel-4-683x1024.webp 683w, https:\/\/naokohotels.com\/wp-content\/uploads\/2025\/06\/Ecohotel-4-768x1152.webp 768w, https:\/\/naokohotels.com\/wp-content\/uploads\/2025\/06\/Ecohotel-4-1024x1536.webp 1024w, https:\/\/naokohotels.com\/wp-content\/uploads\/2025\/06\/Ecohotel-4-1366x2048.webp 1366w, https:\/\/naokohotels.com\/wp-content\/uploads\/2025\/06\/Ecohotel-4-8x12.webp 8w\" sizes=\"(max-width: 1467px) 100vw, 1467px\" \/>\t\t\t\t\t\t\t\t\t\t\t\t\t\t\t<\/div>\n\t\t\t\t<\/div>\n\t\t\t\t\t<\/div>\n\t\t<\/div>\n\t\t\t\t<div class=\"elementor-column elementor-col-50 elementor-top-column elementor-element elementor-element-dfdee3c\" data-id=\"dfdee3c\" data-element_type=\"column\" data-e-type=\"column\">\n\t\t\t<div class=\"elementor-widget-wrap elementor-element-populated\">\n\t\t\t\t\t\t<div class=\"elementor-element elementor-element-0bb092e elementor-widget elementor-widget-heading\" data-id=\"0bb092e\" data-element_type=\"widget\" data-e-type=\"widget\" data-widget_type=\"heading.default\">\n\t\t\t\t<div class=\"elementor-widget-container\">\n\t\t\t\t\t<h3 class=\"elementor-heading-title elementor-size-default\">BIENESTAR HOL\u00cdSTICO<\/h3>\t\t\t\t<\/div>\n\t\t\t\t<\/div>\n\t\t\t\t<div class=\"elementor-element elementor-element-8a3bb0b elementor-widget elementor-widget-text-editor\" data-id=\"8a3bb0b\" data-element_type=\"widget\" data-e-type=\"widget\" data-widget_type=\"text-editor.default\">\n\t\t\t\t<div class=\"elementor-widget-container\">\n\t\t\t\t\t\t\t\t\t<p>Los principios fundamentales de NAOK\u014c healing hotels est\u00e1n firmemente arraigados en la b\u00fasqueda de la salud hol\u00edstica, reconociendo la compleja interacci\u00f3n entre la mente, el cuerpo y el esp\u00edritu.<\/p><p>Nuestros programas de bienestar meticulosamente elaborados, orientados al rejuvenecimiento y la revitalizaci\u00f3n, cuentan con un espectro de terapias de vanguardia.<\/p><p>Estos incluyen la medicina integrativa, los principios de salud hipocr\u00e1ticos que fomentan una mayor conciencia de los cinco sentidos, tratamientos de ayuno, autofagia profunda y regenerativa, crioterapia, watsu, el m\u00e9todo Wim Hof, yoga, pilates, meditaci\u00f3n, entrenamiento deportivo y tratamientos ayurv\u00e9dicos.<\/p><p>Nuestro compromiso con la excelencia en el bienestar hol\u00edstico se resume a trav\u00e9s de estas ofertas refinadas y seleccionadas profesionalmente.<\/p>\t\t\t\t\t\t\t\t<\/div>\n\t\t\t\t<\/div>\n\t\t\t\t\t<\/div>\n\t\t<\/div>\n\t\t\t\t\t<\/div>\n\t\t<\/section>\n\t\t\t\t<section class=\"elementor-section elementor-top-section elementor-element elementor-element-b56b13f elementor-section-content-middle elementor-section-boxed elementor-section-height-default elementor-section-height-default\" data-id=\"b56b13f\" data-element_type=\"section\" data-e-type=\"section\" data-settings=\"{&quot;jet_parallax_layout_list&quot;:[]}\">\n\t\t\t\t\t\t<div class=\"elementor-container elementor-column-gap-default\">\n\t\t\t\t\t<div class=\"elementor-column elementor-col-50 elementor-top-column elementor-element elementor-element-a7f98a2\" data-id=\"a7f98a2\" data-element_type=\"column\" data-e-type=\"column\">\n\t\t\t<div class=\"elementor-widget-wrap elementor-element-populated\">\n\t\t\t\t\t\t<div class=\"elementor-element elementor-element-94dc9f0 elementor-widget elementor-widget-image\" data-id=\"94dc9f0\" data-element_type=\"widget\" data-e-type=\"widget\" data-widget_type=\"image.default\">\n\t\t\t\t<div class=\"elementor-widget-container\">\n\t\t\t\t\t\t\t\t\t\t\t\t\t\t\t<img decoding=\"async\" width=\"1467\" height=\"2200\" src=\"https:\/\/naokohotels.com\/wp-content\/uploads\/2025\/06\/Ecohotel-2-1.webp\" class=\"attachment-full size-full wp-image-1374\" alt=\"\" srcset=\"https:\/\/naokohotels.com\/wp-content\/uploads\/2025\/06\/Ecohotel-2-1.webp 1467w, https:\/\/naokohotels.com\/wp-content\/uploads\/2025\/06\/Ecohotel-2-1-200x300.webp 200w, https:\/\/naokohotels.com\/wp-content\/uploads\/2025\/06\/Ecohotel-2-1-683x1024.webp 683w, https:\/\/naokohotels.com\/wp-content\/uploads\/2025\/06\/Ecohotel-2-1-768x1152.webp 768w, https:\/\/naokohotels.com\/wp-content\/uploads\/2025\/06\/Ecohotel-2-1-1024x1536.webp 1024w, https:\/\/naokohotels.com\/wp-content\/uploads\/2025\/06\/Ecohotel-2-1-1366x2048.webp 1366w, https:\/\/naokohotels.com\/wp-content\/uploads\/2025\/06\/Ecohotel-2-1-8x12.webp 8w\" sizes=\"(max-width: 1467px) 100vw, 1467px\" \/>\t\t\t\t\t\t\t\t\t\t\t\t\t\t\t<\/div>\n\t\t\t\t<\/div>\n\t\t\t\t\t<\/div>\n\t\t<\/div>\n\t\t\t\t<div class=\"elementor-column elementor-col-50 elementor-top-column elementor-element elementor-element-f398c78\" data-id=\"f398c78\" data-element_type=\"column\" data-e-type=\"column\">\n\t\t\t<div class=\"elementor-widget-wrap elementor-element-populated\">\n\t\t\t\t\t\t<div class=\"elementor-element elementor-element-a44ef38 elementor-widget elementor-widget-heading\" data-id=\"a44ef38\" data-element_type=\"widget\" data-e-type=\"widget\" data-widget_type=\"heading.default\">\n\t\t\t\t<div class=\"elementor-widget-container\">\n\t\t\t\t\t<h3 class=\"elementor-heading-title elementor-size-default\">DISE\u00d1O MINIMALISTA<\/h3>\t\t\t\t<\/div>\n\t\t\t\t<\/div>\n\t\t\t\t<div class=\"elementor-element elementor-element-e213636 elementor-widget elementor-widget-text-editor\" data-id=\"e213636\" data-element_type=\"widget\" data-e-type=\"widget\" data-widget_type=\"text-editor.default\">\n\t\t\t\t<div class=\"elementor-widget-container\">\n\t\t\t\t\t\t\t\t\t<p>La est\u00e9tica de nuestros hoteles refleja un compromiso con la simplicidad y la sostenibilidad. Los principios de dise\u00f1o minimalista de UK\u014c home, que combinan elementos de wabisabi y Feng Shui, garantizan que cada propiedad se integre armoniosamente con su entorno, creando una atm\u00f3sfera serena que complementa la belleza natural del entorno.<\/p><p>Creemos que un enfoque minimalista no solo mejora la experiencia del hu\u00e9sped sino que tambi\u00e9n se alinea con nuestros valores ecol\u00f3gicos.<\/p>\t\t\t\t\t\t\t\t<\/div>\n\t\t\t\t<\/div>\n\t\t\t\t\t<\/div>\n\t\t<\/div>\n\t\t\t\t\t<\/div>\n\t\t<\/section>\n\t\t\t\t<section class=\"elementor-section elementor-top-section elementor-element elementor-element-dfcf4ac elementor-section-boxed elementor-section-height-default elementor-section-height-default\" data-id=\"dfcf4ac\" data-element_type=\"section\" data-e-type=\"section\" data-settings=\"{&quot;jet_parallax_layout_list&quot;:[]}\">\n\t\t\t\t\t\t<div class=\"elementor-container elementor-column-gap-default\">\n\t\t\t\t\t<div class=\"elementor-column elementor-col-100 elementor-top-column elementor-element elementor-element-342492b\" data-id=\"342492b\" data-element_type=\"column\" data-e-type=\"column\">\n\t\t\t<div class=\"elementor-widget-wrap elementor-element-populated\">\n\t\t\t\t\t\t<div class=\"elementor-element elementor-element-0133d5d elementor-widget elementor-widget-image\" data-id=\"0133d5d\" data-element_type=\"widget\" data-e-type=\"widget\" data-widget_type=\"image.default\">\n\t\t\t\t<div class=\"elementor-widget-container\">\n\t\t\t\t\t\t\t\t\t\t\t\t\t\t\t<img loading=\"lazy\" decoding=\"async\" width=\"1467\" height=\"2200\" src=\"https:\/\/naokohotels.com\/wp-content\/uploads\/2025\/06\/Ecohotel-1.webp\" class=\"attachment-full size-full wp-image-1375\" alt=\"\" srcset=\"https:\/\/naokohotels.com\/wp-content\/uploads\/2025\/06\/Ecohotel-1.webp 1467w, https:\/\/naokohotels.com\/wp-content\/uploads\/2025\/06\/Ecohotel-1-200x300.webp 200w, https:\/\/naokohotels.com\/wp-content\/uploads\/2025\/06\/Ecohotel-1-683x1024.webp 683w, https:\/\/naokohotels.com\/wp-content\/uploads\/2025\/06\/Ecohotel-1-768x1152.webp 768w, https:\/\/naokohotels.com\/wp-content\/uploads\/2025\/06\/Ecohotel-1-1024x1536.webp 1024w, https:\/\/naokohotels.com\/wp-content\/uploads\/2025\/06\/Ecohotel-1-1366x2048.webp 1366w, https:\/\/naokohotels.com\/wp-content\/uploads\/2025\/06\/Ecohotel-1-8x12.webp 8w\" sizes=\"(max-width: 1467px) 100vw, 1467px\" \/>\t\t\t\t\t\t\t\t\t\t\t\t\t\t\t<\/div>\n\t\t\t\t<\/div>\n\t\t\t\t<div class=\"elementor-element elementor-element-8f44a97 elementor-widget elementor-widget-heading\" data-id=\"8f44a97\" data-element_type=\"widget\" data-e-type=\"widget\" data-widget_type=\"heading.default\">\n\t\t\t\t<div class=\"elementor-widget-container\">\n\t\t\t\t\t<h3 class=\"elementor-heading-title elementor-size-default\">LUJO DESCALZO<\/h3>\t\t\t\t<\/div>\n\t\t\t\t<\/div>\n\t\t\t\t<div class=\"elementor-element elementor-element-8e47cc0 elementor-widget elementor-widget-text-editor\" data-id=\"8e47cc0\" data-element_type=\"widget\" data-e-type=\"widget\" data-widget_type=\"text-editor.default\">\n\t\t\t\t<div class=\"elementor-widget-container\">\n\t\t\t\t\t\t\t\t\t<p>NAOK\u014c healing hotels redefinen el lujo con un toque desenfadado: modestos pero sofisticados. Gracias a espacios cuidadosamente dise\u00f1ados y a la dedicaci\u00f3n a los materiales naturales, los hu\u00e9spedes experimentan la opulencia de una manera relajada y conectada con el planeta.<\/p><p>Este enfoque \u00fanico invita a una conexi\u00f3n genuina con la naturaleza, permitiendo a los hu\u00e9spedes disfrutar de la simplicidad, la autenticidad y el abrazo rejuvenecedor de nuestro oasis sustentable.<\/p>\t\t\t\t\t\t\t\t<\/div>\n\t\t\t\t<\/div>\n\t\t\t\t\t<\/div>\n\t\t<\/div>\n\t\t\t\t\t<\/div>\n\t\t<\/section>\n\t\t\t\t<\/div>","protected":false},"excerpt":{"rendered":"<p>AT NAOK\u014c healing hotels, WE PRIDE OURSELVES ON DISRUPTING THE TRADITIONAL TOURISM MODEL TO OFFER GUESTS AN EXPERIENCE THAT IS DEEPLY ROOTED IN HOLISTIC HEALTH. Unlike other hotel franchises, we promote wellness through a deep connection with nature and minimalist design. Guests can embark on an enriching journey towards optimal health, rejuvenating their body, mind [&hellip;]<\/p>\n","protected":false},"author":1,"featured_media":1644,"parent":0,"menu_order":0,"comment_status":"closed","ping_status":"closed","template":"","meta":{"footnotes":""},"class_list":["post-208","page","type-page","status-publish","has-post-thumbnail","hentry"],"_links":{"self":[{"href":"https:\/\/naokohotels.com\/es\/wp-json\/wp\/v2\/pages\/208","targetHints":{"allow":["GET"]}}],"collection":[{"href":"https:\/\/naokohotels.com\/es\/wp-json\/wp\/v2\/pages"}],"about":[{"href":"https:\/\/naokohotels.com\/es\/wp-json\/wp\/v2\/types\/page"}],"author":[{"embeddable":true,"href":"https:\/\/naokohotels.com\/es\/wp-json\/wp\/v2\/users\/1"}],"replies":[{"embeddable":true,"href":"https:\/\/naokohotels.com\/es\/wp-json\/wp\/v2\/comments?post=208"}],"version-history":[{"count":99,"href":"https:\/\/naokohotels.com\/es\/wp-json\/wp\/v2\/pages\/208\/revisions"}],"predecessor-version":[{"id":1686,"href":"https:\/\/naokohotels.com\/es\/wp-json\/wp\/v2\/pages\/208\/revisions\/1686"}],"wp:featuredmedia":[{"embeddable":true,"href":"https:\/\/naokohotels.com\/es\/wp-json\/wp\/v2\/media\/1644"}],"wp:attachment":[{"href":"https:\/\/naokohotels.com\/es\/wp-json\/wp\/v2\/media?parent=208"}],"curies":[{"name":"wp","href":"https:\/\/api.w.org\/{rel}","templated":true}]}}